{"id":104,"date":"2017-03-14T22:24:55","date_gmt":"2017-03-14T21:24:55","guid":{"rendered":"http:\/\/localhost\/sertek-www\/?page_id=104\/"},"modified":"2023-04-26T21:03:50","modified_gmt":"2023-04-26T19:03:50","slug":"contact-us","status":"publish","type":"page","link":"https:\/\/sertekinformatique.com\/en\/contact-us\/","title":{"rendered":"Contact us"},"content":{"rendered":"<pre id=\"tw-target-text\" class=\"tw-data-text tw-ta tw-text-small\" dir=\"ltr\" data-placeholder=\"Translation\" data-fulltext=\"\"><\/pre>\n","protected":false},"excerpt":{"rendered":"","protected":false},"author":1,"featured_media":0,"parent":0,"menu_order":0,"comment_status":"closed","ping_status":"closed","template":"contact.php","meta":{"_mi_skip_tracking":false,"_monsterinsights_sitenote_active":false,"_monsterinsights_sitenote_note":"","_monsterinsights_sitenote_category":0,"footnotes":""},"categories":[],"tags":[],"acf":[],"yoast_head":"<!-- This site is optimized with the Yoast SEO plugin v21.5 - https:\/\/yoast.com\/wordpress\/plugins\/seo\/ -->\n<title>Contact us | Sertek informatique<\/title>\n<meta name=\"description\" content=\"Service call, counter reading, questions ... Contact us.\" \/>\n<meta name=\"robots\" content=\"index, follow, max-snippet:-1, max-image-preview:large, max-video-preview:-1\" \/>\n<link rel=\"canonical\" href=\"https:\/\/sertekinformatique.com\/nous-joindre\/\" \/>\n<meta property=\"og:locale\" content=\"en_US\" \/>\n<meta property=\"og:type\" content=\"article\" \/>\n<meta property=\"og:title\" content=\"Contact us | Sertek\" \/>\n<meta property=\"og:description\" content=\"Service call, counter reading, questions ... Contact us\" \/>\n<meta property=\"og:url\" content=\"https:\/\/sertekinformatique.com\/nous-joindre\/\" \/>\n<meta property=\"og:site_name\" content=\"Sertek informatique\" \/>\n<meta property=\"article:publisher\" content=\"https:\/\/www.facebook.com\/Sertek-Informatique-Inc-184067101628185\/\" \/>\n<meta property=\"article:modified_time\" content=\"2023-04-26T19:03:50+00:00\" \/>\n<meta property=\"og:image\" content=\"http:\/\/sertekinformatique.com\/wp-content\/uploads\/2017\/03\/default-sharing-img.jpg\" \/>\n<meta name=\"twitter:card\" content=\"summary_large_image\" \/>\n<meta name=\"twitter:title\" content=\"Contact us | Sertek\" \/>\n<meta name=\"twitter:description\" content=\"Service call, counter reading, questions ... Contact us\" \/>\n<meta name=\"twitter:image\" content=\"http:\/\/sertekinformatique.com\/wp-content\/uploads\/2017\/03\/default-sharing-img.jpg\" \/>\n<script type=\"application\/ld+json\" class=\"yoast-schema-graph\">{\"@context\":\"https:\/\/schema.org\",\"@graph\":[{\"@type\":\"WebPage\",\"@id\":\"https:\/\/sertekinformatique.com\/nous-joindre\/\",\"url\":\"https:\/\/sertekinformatique.com\/nous-joindre\/\",\"name\":\"Contact us | Sertek informatique\",\"isPartOf\":{\"@id\":\"https:\/\/sertekinformatique.com\/#website\"},\"datePublished\":\"2017-03-14T21:24:55+00:00\",\"dateModified\":\"2023-04-26T19:03:50+00:00\",\"description\":\"Service call, counter reading, questions ... Contact us.\",\"breadcrumb\":{\"@id\":\"https:\/\/sertekinformatique.com\/nous-joindre\/#breadcrumb\"},\"inLanguage\":\"en-US\",\"potentialAction\":[{\"@type\":\"ReadAction\",\"target\":[\"https:\/\/sertekinformatique.com\/nous-joindre\/\"]}]},{\"@type\":\"BreadcrumbList\",\"@id\":\"https:\/\/sertekinformatique.com\/nous-joindre\/#breadcrumb\",\"itemListElement\":[{\"@type\":\"ListItem\",\"position\":1,\"name\":\"Home\",\"item\":\"https:\/\/sertekinformatique.com\/\"},{\"@type\":\"ListItem\",\"position\":2,\"name\":\"Contact us\"}]},{\"@type\":\"WebSite\",\"@id\":\"https:\/\/sertekinformatique.com\/#website\",\"url\":\"https:\/\/sertekinformatique.com\/\",\"name\":\"Sertek informatique\",\"description\":\"Services de qualit\u00e9 sup\u00e9rieure reli\u00e9s aux technologies d\u2019information (TI)\",\"publisher\":{\"@id\":\"https:\/\/sertekinformatique.com\/#organization\"},\"potentialAction\":[{\"@type\":\"SearchAction\",\"target\":{\"@type\":\"EntryPoint\",\"urlTemplate\":\"https:\/\/sertekinformatique.com\/?s={search_term_string}\"},\"query-input\":\"required name=search_term_string\"}],\"inLanguage\":\"en-US\"},{\"@type\":\"Organization\",\"@id\":\"https:\/\/sertekinformatique.com\/#organization\",\"name\":\"Sertek informatique\",\"url\":\"https:\/\/sertekinformatique.com\/\",\"logo\":{\"@type\":\"ImageObject\",\"inLanguage\":\"en-US\",\"@id\":\"https:\/\/sertekinformatique.com\/#\/schema\/logo\/image\/\",\"url\":\"https:\/\/sertekinformatique.com\/wp-content\/uploads\/2017\/03\/sertek-logo.png\",\"contentUrl\":\"https:\/\/sertekinformatique.com\/wp-content\/uploads\/2017\/03\/sertek-logo.png\",\"width\":343,\"height\":43,\"caption\":\"Sertek informatique\"},\"image\":{\"@id\":\"https:\/\/sertekinformatique.com\/#\/schema\/logo\/image\/\"},\"sameAs\":[\"https:\/\/www.facebook.com\/Sertek-Informatique-Inc-184067101628185\/\"]}]}<\/script>\n<!-- \/ Yoast SEO plugin. -->","yoast_head_json":{"title":"Contact us | Sertek informatique","description":"Service call, counter reading, questions ... Contact us.","robots":{"index":"index","follow":"follow","max-snippet":"max-snippet:-1","max-image-preview":"max-image-preview:large","max-video-preview":"max-video-preview:-1"},"canonical":"https:\/\/sertekinformatique.com\/nous-joindre\/","og_locale":"en_US","og_type":"article","og_title":"Contact us | Sertek","og_description":"Service call, counter reading, questions ... Contact us","og_url":"https:\/\/sertekinformatique.com\/nous-joindre\/","og_site_name":"Sertek informatique","article_publisher":"https:\/\/www.facebook.com\/Sertek-Informatique-Inc-184067101628185\/","article_modified_time":"2023-04-26T19:03:50+00:00","og_image":[{"url":"http:\/\/sertekinformatique.com\/wp-content\/uploads\/2017\/03\/default-sharing-img.jpg"}],"twitter_card":"summary_large_image","twitter_title":"Contact us | Sertek","twitter_description":"Service call, counter reading, questions ... Contact us","twitter_image":"http:\/\/sertekinformatique.com\/wp-content\/uploads\/2017\/03\/default-sharing-img.jpg","schema":{"@context":"https:\/\/schema.org","@graph":[{"@type":"WebPage","@id":"https:\/\/sertekinformatique.com\/nous-joindre\/","url":"https:\/\/sertekinformatique.com\/nous-joindre\/","name":"Contact us | Sertek informatique","isPartOf":{"@id":"https:\/\/sertekinformatique.com\/#website"},"datePublished":"2017-03-14T21:24:55+00:00","dateModified":"2023-04-26T19:03:50+00:00","description":"Service call, counter reading, questions ... Contact us.","breadcrumb":{"@id":"https:\/\/sertekinformatique.com\/nous-joindre\/#breadcrumb"},"inLanguage":"en-US","potentialAction":[{"@type":"ReadAction","target":["https:\/\/sertekinformatique.com\/nous-joindre\/"]}]},{"@type":"BreadcrumbList","@id":"https:\/\/sertekinformatique.com\/nous-joindre\/#breadcrumb","itemListElement":[{"@type":"ListItem","position":1,"name":"Home","item":"https:\/\/sertekinformatique.com\/"},{"@type":"ListItem","position":2,"name":"Contact us"}]},{"@type":"WebSite","@id":"https:\/\/sertekinformatique.com\/#website","url":"https:\/\/sertekinformatique.com\/","name":"Sertek informatique","description":"Services de qualit\u00e9 sup\u00e9rieure reli\u00e9s aux technologies d\u2019information (TI)","publisher":{"@id":"https:\/\/sertekinformatique.com\/#organization"},"potentialAction":[{"@type":"SearchAction","target":{"@type":"EntryPoint","urlTemplate":"https:\/\/sertekinformatique.com\/?s={search_term_string}"},"query-input":"required name=search_term_string"}],"inLanguage":"en-US"},{"@type":"Organization","@id":"https:\/\/sertekinformatique.com\/#organization","name":"Sertek informatique","url":"https:\/\/sertekinformatique.com\/","logo":{"@type":"ImageObject","inLanguage":"en-US","@id":"https:\/\/sertekinformatique.com\/#\/schema\/logo\/image\/","url":"https:\/\/sertekinformatique.com\/wp-content\/uploads\/2017\/03\/sertek-logo.png","contentUrl":"https:\/\/sertekinformatique.com\/wp-content\/uploads\/2017\/03\/sertek-logo.png","width":343,"height":43,"caption":"Sertek informatique"},"image":{"@id":"https:\/\/sertekinformatique.com\/#\/schema\/logo\/image\/"},"sameAs":["https:\/\/www.facebook.com\/Sertek-Informatique-Inc-184067101628185\/"]}]}},"_links":{"self":[{"href":"https:\/\/sertekinformatique.com\/en\/wp-json\/wp\/v2\/pages\/104"}],"collection":[{"href":"https:\/\/sertekinformatique.com\/en\/wp-json\/wp\/v2\/pages"}],"about":[{"href":"https:\/\/sertekinformatique.com\/en\/wp-json\/wp\/v2\/types\/page"}],"author":[{"embeddable":true,"href":"https:\/\/sertekinformatique.com\/en\/wp-json\/wp\/v2\/users\/1"}],"replies":[{"embeddable":true,"href":"https:\/\/sertekinformatique.com\/en\/wp-json\/wp\/v2\/comments?post=104"}],"version-history":[{"count":17,"href":"https:\/\/sertekinformatique.com\/en\/wp-json\/wp\/v2\/pages\/104\/revisions"}],"predecessor-version":[{"id":497,"href":"https:\/\/sertekinformatique.com\/en\/wp-json\/wp\/v2\/pages\/104\/revisions\/497"}],"wp:attachment":[{"href":"https:\/\/sertekinformatique.com\/en\/wp-json\/wp\/v2\/media?parent=104"}],"wp:term":[{"taxonomy":"category","embeddable":true,"href":"https:\/\/sertekinformatique.com\/en\/wp-json\/wp\/v2\/categories?post=104"},{"taxonomy":"post_tag","embeddable":true,"href":"https:\/\/sertekinformatique.com\/en\/wp-json\/wp\/v2\/tags?post=104"}],"curies":[{"name":"wp","href":"https:\/\/api.w.org\/{rel}","templated":true}]}}